{"id":86,"date":"2023-05-16T11:36:06","date_gmt":"2023-05-16T09:36:06","guid":{"rendered":"https:\/\/bee-bee.alwaysdata.net\/bee&#038;bee\/?page_id=86"},"modified":"2023-06-12T01:17:50","modified_gmt":"2023-06-11T23:17:50","slug":"lassociation","status":"publish","type":"page","link":"https:\/\/bee-bee.alwaysdata.net\/bee&bee\/lassociation\/","title":{"rendered":"L&rsquo;association"},"content":{"rendered":"\n<div style=\"height:48px\" aria-hidden=\"true\" class=\"wp-block-spacer\"><\/div>\n\n\n\n<h2 class=\"wp-block-heading alignfull has-text-align-center\" style=\"font-size:50px\">L&rsquo;association<\/h2>\n\n\n\n<div style=\"height:61px\" aria-hidden=\"true\" class=\"wp-block-spacer\"><\/div>\n\n\n\n<h2 class=\"wp-block-heading has-text-align-center\" style=\"font-size:47px\">Qui sommes nous ?<\/h2>\n\n\n\n<div style=\"height:42px\" aria-hidden=\"true\" class=\"wp-block-spacer\"><\/div>\n\n\n<div class=\"wp-block-image\">\n<figure class=\"aligncenter size-medium\"><img decoding=\"async\" loading=\"lazy\" width=\"300\" height=\"162\" src=\"https:\/\/bee-bee.alwaysdata.net\/bee&amp;bee\/wp-content\/uploads\/2023\/06\/abeilleee-1-min-300x162.webp\" alt=\"\" class=\"wp-image-594\" srcset=\"https:\/\/bee-bee.alwaysdata.net\/bee&amp;bee\/wp-content\/uploads\/2023\/06\/abeilleee-1-min-300x162.webp 300w, https:\/\/bee-bee.alwaysdata.net\/bee&amp;bee\/wp-content\/uploads\/2023\/06\/abeilleee-1-min-1024x553.webp 1024w, https:\/\/bee-bee.alwaysdata.net\/bee&amp;bee\/wp-content\/uploads\/2023\/06\/abeilleee-1-min-768x415.webp 768w, https:\/\/bee-bee.alwaysdata.net\/bee&amp;bee\/wp-content\/uploads\/2023\/06\/abeilleee-1-min-1536x830.webp 1536w, https:\/\/bee-bee.alwaysdata.net\/bee&amp;bee\/wp-content\/uploads\/2023\/06\/abeilleee-1-min.webp 1616w\" sizes=\"(max-width: 300px) 100vw, 300px\" \/><\/figure><\/div>\n\n\n<div style=\"height:48px\" aria-hidden=\"true\" class=\"wp-block-spacer\"><\/div>\n\n\n\n<p class=\"has-text-align-center\">Bee&amp;Bee est une association a but non lucratif luttant pour la protection de l&rsquo;environnement et la conservation de notre biodiversit\u00e9. <\/p>\n\n\n\n<p class=\"has-text-align-center\">\u00c0 travers plusieurs actions et \u00e9v\u00e9nement, Bee&amp;Bee participe \u00e0 l&rsquo;\u00e9quilibre de la nature en prot\u00e9geant nos amies jaunes et noirs : les abeilles.<\/p>\n\n\n\n<div style=\"height:48px\" aria-hidden=\"true\" class=\"wp-block-spacer\"><\/div>\n\n\n\n<div class=\"wp-block-cover alignfull\"><span aria-hidden=\"true\" class=\"wp-block-cover__background has-nv-dark-bg-background-color has-background-dim-100 has-background-dim\"><\/span><div class=\"wp-block-cover__inner-container\">\n<div class=\"wp-block-group alignwide has-nv-dark-bg-background-color has-background is-layout-flow\"><div class=\"wp-block-group__inner-container\">\n<div style=\"height:40px\" aria-hidden=\"true\" class=\"wp-block-spacer\"><\/div>\n\n\n\n<h2 class=\"wp-block-heading has-neve-text-color-color has-text-color\">Notre \u00e9quipe<\/h2>\n\n\n\n<div style=\"height:60px\" aria-hidden=\"true\" class=\"wp-block-spacer\"><\/div>\n\n\n\n<hr class=\"wp-block-separator aligncenter has-text-color has-nv-site-bg-color has-alpha-channel-opacity has-nv-site-bg-background-color has-background is-style-dots\"\/>\n\n\n\n<div style=\"height:58px\" aria-hidden=\"true\" class=\"wp-block-spacer\"><\/div>\n\n\n\n<div class=\"wp-block-columns is-layout-flex wp-container-5\">\n<div class=\"wp-block-column is-layout-flow\"><div class=\"wp-block-image is-style-rounded\">\n<figure class=\"aligncenter size-large\"><img decoding=\"async\" loading=\"lazy\" width=\"768\" height=\"1024\" src=\"https:\/\/bee-bee.alwaysdata.net\/bee&amp;bee\/wp-content\/uploads\/2023\/06\/IMG_4263-768x1024.jpg\" alt=\"\" class=\"wp-image-1004\" srcset=\"https:\/\/bee-bee.alwaysdata.net\/bee&amp;bee\/wp-content\/uploads\/2023\/06\/IMG_4263-768x1024.jpg 768w, https:\/\/bee-bee.alwaysdata.net\/bee&amp;bee\/wp-content\/uploads\/2023\/06\/IMG_4263-225x300.jpg 225w, https:\/\/bee-bee.alwaysdata.net\/bee&amp;bee\/wp-content\/uploads\/2023\/06\/IMG_4263-1152x1536.jpg 1152w, https:\/\/bee-bee.alwaysdata.net\/bee&amp;bee\/wp-content\/uploads\/2023\/06\/IMG_4263-1536x2048.jpg 1536w, https:\/\/bee-bee.alwaysdata.net\/bee&amp;bee\/wp-content\/uploads\/2023\/06\/IMG_4263-scaled.jpg 1920w\" sizes=\"(max-width: 768px) 100vw, 768px\" \/><\/figure><\/div>\n\n\n<p class=\"has-text-align-center has-neve-text-color-color has-text-color\"><strong>CAPARROS Malo<\/strong><\/p>\n\n\n\n<p class=\"has-text-align-center has-neve-text-color-color has-text-color\"><em>Chef <\/em><\/p>\n<\/div>\n\n\n\n<div class=\"wp-block-column is-layout-flow\"><div class=\"wp-block-image is-style-rounded\">\n<figure class=\"aligncenter size-large\"><img decoding=\"async\" loading=\"lazy\" width=\"768\" height=\"1024\" src=\"https:\/\/bee-bee.alwaysdata.net\/bee&amp;bee\/wp-content\/uploads\/2023\/06\/IMG_4268-768x1024.jpg\" alt=\"\" class=\"wp-image-1005\" srcset=\"https:\/\/bee-bee.alwaysdata.net\/bee&amp;bee\/wp-content\/uploads\/2023\/06\/IMG_4268-768x1024.jpg 768w, https:\/\/bee-bee.alwaysdata.net\/bee&amp;bee\/wp-content\/uploads\/2023\/06\/IMG_4268-225x300.jpg 225w, https:\/\/bee-bee.alwaysdata.net\/bee&amp;bee\/wp-content\/uploads\/2023\/06\/IMG_4268-1152x1536.jpg 1152w, https:\/\/bee-bee.alwaysdata.net\/bee&amp;bee\/wp-content\/uploads\/2023\/06\/IMG_4268-1536x2048.jpg 1536w, https:\/\/bee-bee.alwaysdata.net\/bee&amp;bee\/wp-content\/uploads\/2023\/06\/IMG_4268-scaled.jpg 1920w\" sizes=\"(max-width: 768px) 100vw, 768px\" \/><\/figure><\/div>\n\n\n<p class=\"has-text-align-center has-neve-text-color-color has-text-color\"><strong>ALMEIDA Jasmine<\/strong><\/p>\n\n\n\n<p class=\"has-text-align-center has-neve-text-color-color has-text-color\">Pr\u00e9sidente<\/p>\n<\/div>\n\n\n\n<div class=\"wp-block-column is-layout-flow\"><div class=\"wp-block-image is-style-rounded\">\n<figure class=\"aligncenter size-large\"><img decoding=\"async\" loading=\"lazy\" width=\"768\" height=\"1024\" src=\"https:\/\/bee-bee.alwaysdata.net\/bee&amp;bee\/wp-content\/uploads\/2023\/06\/IMG_4265-768x1024.jpg\" alt=\"\" class=\"wp-image-1006\" srcset=\"https:\/\/bee-bee.alwaysdata.net\/bee&amp;bee\/wp-content\/uploads\/2023\/06\/IMG_4265-768x1024.jpg 768w, https:\/\/bee-bee.alwaysdata.net\/bee&amp;bee\/wp-content\/uploads\/2023\/06\/IMG_4265-225x300.jpg 225w, https:\/\/bee-bee.alwaysdata.net\/bee&amp;bee\/wp-content\/uploads\/2023\/06\/IMG_4265-1152x1536.jpg 1152w, https:\/\/bee-bee.alwaysdata.net\/bee&amp;bee\/wp-content\/uploads\/2023\/06\/IMG_4265-1536x2048.jpg 1536w, https:\/\/bee-bee.alwaysdata.net\/bee&amp;bee\/wp-content\/uploads\/2023\/06\/IMG_4265-scaled.jpg 1920w\" sizes=\"(max-width: 768px) 100vw, 768px\" \/><\/figure><\/div>\n\n\n<p class=\"has-text-align-center has-neve-text-color-color has-text-color\"><strong>CREMOUX Tr\u00e9vord<\/strong><\/p>\n\n\n\n<p class=\"has-text-align-center has-neve-text-color-color has-text-color\">Dirigeant<\/p>\n<\/div>\n\n\n\n<div class=\"wp-block-column is-layout-flow\"><div class=\"wp-block-image is-style-rounded\">\n<figure class=\"aligncenter size-large\"><img decoding=\"async\" loading=\"lazy\" width=\"768\" height=\"1024\" src=\"https:\/\/bee-bee.alwaysdata.net\/bee&amp;bee\/wp-content\/uploads\/2023\/06\/IMG_4261-768x1024.jpg\" alt=\"\" class=\"wp-image-1008\" srcset=\"https:\/\/bee-bee.alwaysdata.net\/bee&amp;bee\/wp-content\/uploads\/2023\/06\/IMG_4261-768x1024.jpg 768w, https:\/\/bee-bee.alwaysdata.net\/bee&amp;bee\/wp-content\/uploads\/2023\/06\/IMG_4261-225x300.jpg 225w, https:\/\/bee-bee.alwaysdata.net\/bee&amp;bee\/wp-content\/uploads\/2023\/06\/IMG_4261-1152x1536.jpg 1152w, https:\/\/bee-bee.alwaysdata.net\/bee&amp;bee\/wp-content\/uploads\/2023\/06\/IMG_4261-1536x2048.jpg 1536w, https:\/\/bee-bee.alwaysdata.net\/bee&amp;bee\/wp-content\/uploads\/2023\/06\/IMG_4261-scaled.jpg 1920w\" sizes=\"(max-width: 768px) 100vw, 768px\" \/><\/figure><\/div>\n\n\n<p class=\"has-text-align-center has-neve-text-color-color has-text-color\"><strong>VANDENBERGHEUH Nicolas<\/strong><\/p>\n\n\n\n<p class=\"has-text-align-center has-neve-text-color-color has-text-color\"><em>Directeur <\/em><\/p>\n<\/div>\n<\/div>\n<\/div><\/div>\n<\/div><\/div>\n\n\n\n<div class=\"wp-block-group alignfull has-background-color has-white-color has-nv-light-bg-background-color has-text-color has-background has-link-color wp-elements-92a9317755bd1060f9213a64b4093273 is-vertical is-content-justification-center is-layout-flex wp-container-14\" style=\"min-height:40vh;margin-top:0;margin-bottom:0;padding-top:var(--wp--preset--spacing--60);padding-right:var(--wp--preset--spacing--40);padding-bottom:var(--wp--preset--spacing--60);padding-left:var(--wp--preset--spacing--40)\">\n<div class=\"wp-block-columns alignwide has-small-font-size is-layout-flex wp-container-13\">\n<div class=\"wp-block-column has-nv-dark-bg-color has-text-color is-layout-flow\">\n<p class=\"has-text-align-center\" style=\"font-size:22px\">Contact<\/p>\n\n\n\n<p class=\"has-text-align-center\" style=\"font-size:18px\">22 Rue du Vignoble Champagny,<br>  16420 Charente<\/p>\n\n\n\n<div style=\"height:7px\" aria-hidden=\"true\" class=\"wp-block-spacer\"><\/div>\n\n\n\n<p class=\"has-text-align-center\" style=\"font-size:18px\"><a href=\"mailto:contact@beeandbee-asso.org\">contact@beeandbee-asso.org<\/a><\/p>\n\n\n\n<div style=\"height:7px\" aria-hidden=\"true\" class=\"wp-block-spacer\"><\/div>\n\n\n\n<p class=\"has-text-align-center\" style=\"font-size:18px\">05 45 78 90 12<\/p>\n<\/div>\n\n\n\n<div class=\"wp-block-column is-layout-flow\">\n<p class=\"has-text-align-center has-nv-dark-bg-color has-text-color\" style=\"font-size:22px\">Pages<\/p>\n\n\n<nav style=\"font-size:18px;\" class=\"items-justified-center is-vertical no-wrap wp-block-navigation is-content-justification-center is-nowrap is-layout-flex wp-container-9\" aria-label=\"primary\"><ul class=\"wp-block-navigation__container\"><li style=\"font-size: 18px;\" class=\" wp-block-navigation-item wp-block-navigation-link\"><a class=\"wp-block-navigation-item__content\"  href=\"https:\/\/bee-bee.alwaysdata.net\/bee&#038;bee\/\"><span class=\"wp-block-navigation-item__label\">Adopte une abeille<\/span><\/a><\/li><li style=\"font-size: 18px;\" class=\" wp-block-navigation-item wp-block-navigation-link\"><a class=\"wp-block-navigation-item__content\"  href=\"https:\/\/bee-bee.alwaysdata.net\/bee&#038;bee\/?page_id=66\"><span class=\"wp-block-navigation-item__label\">L&rsquo;\u00e9v\u00e8nement<\/span><\/a><\/li><li style=\"font-size: 18px;\" class=\" wp-block-navigation-item wp-block-navigation-link\"><a class=\"wp-block-navigation-item__content\"  href=\"https:\/\/bee-bee.alwaysdata.net\/bee&#038;bee\/?page_id=69\"><span class=\"wp-block-navigation-item__label\">comment participez ?<\/span><\/a><\/li><li style=\"font-size: 18px;\" class=\" wp-block-navigation-item wp-block-navigation-link\"><a class=\"wp-block-navigation-item__content\"  href=\"https:\/\/bee-bee.alwaysdata.net\/bee&#038;bee\/?page_id=86\"><span class=\"wp-block-navigation-item__label\">actualit\u00e9s<\/span><\/a><\/li><\/ul><\/nav>\n\n\n<div style=\"height:24px\" aria-hidden=\"true\" class=\"wp-block-spacer\"><\/div>\n<\/div>\n\n\n\n<div class=\"wp-block-column is-layout-flow\">\n<p class=\"has-text-align-center has-nv-dark-bg-color has-text-color\" style=\"font-size:22px\">Suivez-nous<\/p>\n\n\n\n<div class=\"wp-block-group is-vertical is-content-justification-center is-layout-flex wp-container-11\">\n<p style=\"font-size:18px\"><a href=\"#\">Facebook<\/a><\/p>\n\n\n\n<p style=\"font-size:18px\"><a href=\"#\">Instagram<\/a><\/p>\n\n\n\n<p style=\"font-size:18px\"><a href=\"#\">Twitter<\/a><\/p>\n<\/div>\n\n\n\n<div style=\"height:24px\" aria-hidden=\"true\" class=\"wp-block-spacer\"><\/div>\n<\/div>\n<\/div>\n<\/div>\n","protected":false},"excerpt":{"rendered":"<p>L&rsquo;association Qui sommes nous ? Bee&amp;Bee est une association a but non lucratif luttant pour la protection de l&rsquo;environnement et la conservation de notre biodiversit\u00e9. \u00c0 travers plusieurs actions et \u00e9v\u00e9nement, Bee&amp;Bee participe \u00e0 l&rsquo;\u00e9quilibre de la nature en prot\u00e9geant nos amies jaunes et noirs : les abeilles. Contact 22 Rue du Vignoble Champagny, 16420&hellip;&nbsp;<a href=\"https:\/\/bee-bee.alwaysdata.net\/bee&#038;bee\/lassociation\/\" class=\"\" rel=\"bookmark\">Lire la suite &raquo;<span class=\"screen-reader-text\">L&rsquo;association<\/span><\/a><\/p>\n","protected":false},"author":1,"featured_media":0,"parent":0,"menu_order":0,"comment_status":"closed","ping_status":"closed","template":"","meta":{"neve_meta_sidebar":"","neve_meta_container":"","neve_meta_enable_content_width":"","neve_meta_content_width":0,"neve_meta_title_alignment":"","neve_meta_author_avatar":"","neve_post_elements_order":"","neve_meta_disable_header":"","neve_meta_disable_footer":"","neve_meta_disable_title":"on"},"_links":{"self":[{"href":"https:\/\/bee-bee.alwaysdata.net\/bee&bee\/wp-json\/wp\/v2\/pages\/86"}],"collection":[{"href":"https:\/\/bee-bee.alwaysdata.net\/bee&bee\/wp-json\/wp\/v2\/pages"}],"about":[{"href":"https:\/\/bee-bee.alwaysdata.net\/bee&bee\/wp-json\/wp\/v2\/types\/page"}],"author":[{"embeddable":true,"href":"https:\/\/bee-bee.alwaysdata.net\/bee&bee\/wp-json\/wp\/v2\/users\/1"}],"replies":[{"embeddable":true,"href":"https:\/\/bee-bee.alwaysdata.net\/bee&bee\/wp-json\/wp\/v2\/comments?post=86"}],"version-history":[{"count":47,"href":"https:\/\/bee-bee.alwaysdata.net\/bee&bee\/wp-json\/wp\/v2\/pages\/86\/revisions"}],"predecessor-version":[{"id":1261,"href":"https:\/\/bee-bee.alwaysdata.net\/bee&bee\/wp-json\/wp\/v2\/pages\/86\/revisions\/1261"}],"wp:attachment":[{"href":"https:\/\/bee-bee.alwaysdata.net\/bee&bee\/wp-json\/wp\/v2\/media?parent=86"}],"curies":[{"name":"wp","href":"https:\/\/api.w.org\/{rel}","templated":true}]}}