{"id":69,"date":"2023-05-16T11:01:17","date_gmt":"2023-05-16T09:01:17","guid":{"rendered":"https:\/\/bee-bee.alwaysdata.net\/bee&#038;bee\/?page_id=69"},"modified":"2023-06-10T13:58:40","modified_gmt":"2023-06-10T11:58:40","slug":"comment-participer","status":"publish","type":"page","link":"https:\/\/bee-bee.alwaysdata.net\/bee&bee\/comment-participer\/","title":{"rendered":"Comment participer ?"},"content":{"rendered":"\n<div style=\"height:43px\" aria-hidden=\"true\" class=\"wp-block-spacer\"><\/div>\n\n\n\n<h2 class=\"wp-block-heading has-text-align-center\">Comment participer ?<\/h2>\n\n\n\n<div style=\"height:23px\" aria-hidden=\"true\" class=\"wp-block-spacer\"><\/div>\n\n\n\n<div class=\"wp-block-cover alignfull has-small-font-size\" style=\"min-height:600px\"><span aria-hidden=\"true\" class=\"wp-block-cover__background has-nv-dark-bg-background-color has-background-dim-100 has-background-dim\"><\/span><div class=\"wp-block-cover__inner-container\">\n<div class=\"wp-block-group is-content-justification-center is-nowrap is-layout-flex wp-container-5\">\n<div class=\"wp-block-columns are-vertically-aligned-center has-nv-dark-bg-background-color has-background is-layout-flex wp-container-4\">\n<div class=\"wp-block-column is-vertically-aligned-center is-layout-flow\" style=\"flex-basis:50%\">\n<figure class=\"wp-block-image size-large is-resized\"><img decoding=\"async\" style=\"; border-radius: 3%; margin-left : 10%\" src=\"https:\/\/bee-bee.alwaysdata.net\/bee&amp;bee\/wp-content\/uploads\/2023\/06\/Dons-min-edited.webp\" alt=\"\" class=\"wp-image-881\" width=\"750\" srcset=\"https:\/\/bee-bee.alwaysdata.net\/bee&amp;bee\/wp-content\/uploads\/2023\/06\/Dons-min-edited.webp 1065w, https:\/\/bee-bee.alwaysdata.net\/bee&amp;bee\/wp-content\/uploads\/2023\/06\/Dons-min-edited-300x188.webp 300w, https:\/\/bee-bee.alwaysdata.net\/bee&amp;bee\/wp-content\/uploads\/2023\/06\/Dons-min-edited-1024x640.webp 1024w, https:\/\/bee-bee.alwaysdata.net\/bee&amp;bee\/wp-content\/uploads\/2023\/06\/Dons-min-edited-768x480.webp 768w\" sizes=\"(max-width: 1065px) 100vw, 1065px\" \/><\/figure>\n<\/div>\n\n\n\n<div class=\"wp-block-column is-vertically-aligned-center is-layout-flow\" style=\"flex-basis:40%\">\n<h2 class=\"wp-block-heading has-text-align-center has-neve-link-hover-color-color has-text-color\">Dons<\/h2>\n\n\n\n<p class=\"has-text-align-center has-neve-text-color-color has-text-color\" style=\"font-size:17px\">Vous pouvez contribuer financi\u00e8rement aux projet Adopte une Abeille en r\u00e9alisant un don qui servira \u00e0 financer l&rsquo;entretien des ruches et bien d&rsquo;autre prenant part \u00e0 la protection des abeilles. Tous les dons r\u00e9colt\u00e9s ne seront strictement utilis\u00e9s que pour le projet  Adopte une abeille.<\/p>\n\n\n\n<div class=\"wp-block-buttons is-content-justification-center is-layout-flex wp-container-2\">\n<div class=\"wp-block-button is-style-primary\"><a class=\"wp-block-button__link wp-element-button\" href=\"#\" style=\"border-radius:11px\">JE DONNE<\/a><\/div>\n<\/div>\n<\/div>\n<\/div>\n<\/div>\n<\/div><\/div>\n\n\n\n<div class=\"wp-block-cover alignfull has-small-font-size\" style=\"min-height:600px\"><span aria-hidden=\"true\" class=\"wp-block-cover__background has-nv-site-bg-background-color has-background-dim-100 has-background-dim\"><\/span><div class=\"wp-block-cover__inner-container\">\n<div class=\"wp-block-group is-content-justification-center is-nowrap is-layout-flex wp-container-13\">\n<div class=\"wp-block-columns are-vertically-aligned-center has-nv-site-bg-background-color has-background is-layout-flex wp-container-12\">\n<div class=\"wp-block-column is-layout-flow\" style=\"flex-basis:10%\"><\/div>\n\n\n\n<div class=\"wp-block-column is-vertically-aligned-center is-layout-flow\" style=\"flex-basis:50%\">\n<h2 class=\"wp-block-heading has-text-align-center has-neve-link-hover-color-color has-text-color\">Pr\u00eat de terrain<\/h2>\n\n\n\n<p class=\"has-text-align-center has-neve-text-color-color has-text-color\" style=\"font-size:17px\">Des endroits dans lesquels les abeilles puissent s&rsquo;\u00e9panouir sont indispensables. C&rsquo;est pourquoi nous avons besoin de terrains se trouvant \u00e0 Champagny ou dans ses alentours pour qu&rsquo;ainsi, l&rsquo;abeille se prolif\u00e8re. <\/p>\n\n\n\n<div class=\"wp-block-buttons is-content-justification-center is-layout-flex wp-container-7\">\n<div class=\"wp-block-button is-style-secondary\"><a class=\"wp-block-button__link wp-element-button\" href=\"#\" style=\"border-radius:11px\">JE PR\u00caTE<\/a><\/div>\n<\/div>\n<\/div>\n\n\n\n<div class=\"wp-block-column is-layout-flow\" style=\"flex-basis:10%\"><\/div>\n\n\n\n<div class=\"wp-block-column is-vertically-aligned-center is-layout-flow\" style=\"flex-basis:70%\">\n<figure class=\"wp-block-image size-large is-resized\"><img decoding=\"async\" style=\"; border-radius: 3%;\" src=\"https:\/\/bee-bee.alwaysdata.net\/bee&amp;bee\/wp-content\/uploads\/2023\/06\/ec74b258a2_96950_08-684-min-1024x640.webp\" alt=\"\" class=\"wp-image-902\" width=\"750\" srcset=\"https:\/\/bee-bee.alwaysdata.net\/bee&amp;bee\/wp-content\/uploads\/2023\/06\/ec74b258a2_96950_08-684-min-1024x640.webp 1024w, https:\/\/bee-bee.alwaysdata.net\/bee&amp;bee\/wp-content\/uploads\/2023\/06\/ec74b258a2_96950_08-684-min-300x187.webp 300w, https:\/\/bee-bee.alwaysdata.net\/bee&amp;bee\/wp-content\/uploads\/2023\/06\/ec74b258a2_96950_08-684-min-768x480.webp 768w, https:\/\/bee-bee.alwaysdata.net\/bee&amp;bee\/wp-content\/uploads\/2023\/06\/ec74b258a2_96950_08-684-min-1536x960.webp 1536w, https:\/\/bee-bee.alwaysdata.net\/bee&amp;bee\/wp-content\/uploads\/2023\/06\/ec74b258a2_96950_08-684-min.webp 1820w\" sizes=\"(max-width: 1024px) 100vw, 1024px\" \/><\/figure>\n<\/div>\n\n\n\n<div class=\"wp-block-column is-layout-flow\" style=\"flex-basis:10%\"><\/div>\n<\/div>\n<\/div>\n<\/div><\/div>\n\n\n\n<div class=\"wp-block-cover alignfull has-small-font-size\" style=\"min-height:600px\"><span aria-hidden=\"true\" class=\"wp-block-cover__background has-nv-dark-bg-background-color has-background-dim-100 has-background-dim\"><\/span><div class=\"wp-block-cover__inner-container\">\n<div style=\"height:49px\" aria-hidden=\"true\" class=\"wp-block-spacer\"><\/div>\n\n\n\n<div class=\"wp-block-group is-content-justification-center is-nowrap is-layout-flex wp-container-18\">\n<div class=\"wp-block-columns are-vertically-aligned-center has-nv-dark-bg-background-color has-background is-layout-flex wp-container-17\">\n<div class=\"wp-block-column is-vertically-aligned-center is-layout-flow\" style=\"flex-basis:50%\">\n<figure class=\"wp-block-image size-large is-resized\"><img decoding=\"async\" style=\"; border-radius: 3%; margin-left : 10%\" src=\"https:\/\/bee-bee.alwaysdata.net\/bee&amp;bee\/wp-content\/uploads\/2023\/06\/R-min-1024x778.webp\" alt=\"\" class=\"wp-image-907\" width=\"750\" srcset=\"https:\/\/bee-bee.alwaysdata.net\/bee&amp;bee\/wp-content\/uploads\/2023\/06\/R-min-1024x778.webp 1024w, https:\/\/bee-bee.alwaysdata.net\/bee&amp;bee\/wp-content\/uploads\/2023\/06\/R-min-300x228.webp 300w, https:\/\/bee-bee.alwaysdata.net\/bee&amp;bee\/wp-content\/uploads\/2023\/06\/R-min-768x584.webp 768w, https:\/\/bee-bee.alwaysdata.net\/bee&amp;bee\/wp-content\/uploads\/2023\/06\/R-min.webp 1051w\" sizes=\"(max-width: 1024px) 100vw, 1024px\" \/><\/figure>\n<\/div>\n\n\n\n<div class=\"wp-block-column is-vertically-aligned-center is-layout-flow\" style=\"flex-basis:40%\">\n<h2 class=\"wp-block-heading has-text-align-center has-neve-link-hover-color-color has-text-color\">B\u00e9n\u00e9volat<\/h2>\n\n\n\n<p class=\"has-text-align-center has-neve-text-color-color has-text-color\" style=\"font-size:17px\">Soyez b\u00e9n\u00e9vole et aidez nous \u00e0 prendre soin des abeilles et de leurs habitats en les entretenant r\u00e9guli\u00e8rement. Faites aussi profiter les Campignois\/es aux alentours de nos produits locaux et 100% authentiques provenant des nouveaux ruchers de Champagny.<\/p>\n\n\n\n<div class=\"wp-block-buttons is-content-justification-center is-layout-flex wp-container-15\">\n<div class=\"wp-block-button is-style-primary\"><a class=\"wp-block-button__link wp-element-button\" href=\"#\" style=\"border-radius:11px\">JE DEVIENS B\u00c9N\u00c9VOLE<\/a><\/div>\n<\/div>\n<\/div>\n<\/div>\n<\/div>\n\n\n\n<div style=\"height:49px\" aria-hidden=\"true\" class=\"wp-block-spacer\"><\/div>\n<\/div><\/div>\n\n\n\n<div class=\"wp-block-cover alignfull\" style=\"min-height:300px\"><span aria-hidden=\"true\" class=\"wp-block-cover__background has-nv-light-bg-background-color has-background-dim-100 has-background-dim\"><\/span><div class=\"wp-block-cover__inner-container\">\n<div style=\"height:140px\" aria-hidden=\"true\" class=\"wp-block-spacer\"><\/div>\n\n\n\n<div class=\"wp-block-group is-content-justification-center is-nowrap is-layout-flex wp-container-19\">\n<figure class=\"wp-block-image size-full is-resized\"><img decoding=\"async\" src=\"https:\/\/bee-bee.alwaysdata.net\/bee&amp;bee\/wp-content\/uploads\/2023\/06\/AnyConv.com__f5fc3667b4e23f09c227a3aa3423d625-min.webp\" alt=\"\" class=\"wp-image-945\" width=\"200\" srcset=\"https:\/\/bee-bee.alwaysdata.net\/bee&amp;bee\/wp-content\/uploads\/2023\/06\/AnyConv.com__f5fc3667b4e23f09c227a3aa3423d625-min.webp 600w, https:\/\/bee-bee.alwaysdata.net\/bee&amp;bee\/wp-content\/uploads\/2023\/06\/AnyConv.com__f5fc3667b4e23f09c227a3aa3423d625-min-300x279.webp 300w\" sizes=\"(max-width: 600px) 100vw, 600px\" \/><\/figure>\n\n\n\n<h2 class=\"wp-block-heading has-text-align-center has-nv-text-dark-bg-color has-text-color\">Vous aussi aidez nous \u00e0 sauver les abeilles !<\/h2>\n\n\n\n<figure class=\"wp-block-image size-full is-resized\"><img decoding=\"async\" src=\"https:\/\/bee-bee.alwaysdata.net\/bee&amp;bee\/wp-content\/uploads\/2023\/06\/AnyConv.com__f5fc3667b4e23f09c227a3aa3423d625-min.webp\" alt=\"\" class=\"wp-image-945\" width=\"200\" srcset=\"https:\/\/bee-bee.alwaysdata.net\/bee&amp;bee\/wp-content\/uploads\/2023\/06\/AnyConv.com__f5fc3667b4e23f09c227a3aa3423d625-min.webp 600w, https:\/\/bee-bee.alwaysdata.net\/bee&amp;bee\/wp-content\/uploads\/2023\/06\/AnyConv.com__f5fc3667b4e23f09c227a3aa3423d625-min-300x279.webp 300w\" sizes=\"(max-width: 600px) 100vw, 600px\" \/><\/figure>\n<\/div>\n\n\n\n<div style=\"height:140px\" aria-hidden=\"true\" class=\"wp-block-spacer\"><\/div>\n<\/div><\/div>\n\n\n\n<div class=\"wp-block-group alignfull has-background-color has-white-color has-nv-site-bg-background-color has-text-color has-background has-link-color wp-elements-415451d3a530550f755db6079df74fc9 is-vertical is-content-justification-stretch is-layout-flex wp-container-27\" style=\"min-height:40vh;margin-top:0;margin-bottom:0;padding-top:var(--wp--preset--spacing--60);padding-right:var(--wp--preset--spacing--40);padding-bottom:var(--wp--preset--spacing--60);padding-left:var(--wp--preset--spacing--40)\">\n<div class=\"wp-block-columns alignwide has-small-font-size is-layout-flex wp-container-26\">\n<div class=\"wp-block-column is-layout-flow\">\n<p class=\"has-text-align-center has-neve-text-color-color has-text-color\" style=\"font-size:22px\">Contact<\/p>\n\n\n\n<p class=\"has-text-align-center has-neve-text-color-color has-text-color\" style=\"font-size:18px\">22 Rue du Vignoble Champagny,<br>  16420 Charente<\/p>\n\n\n\n<div style=\"height:7px\" aria-hidden=\"true\" class=\"wp-block-spacer\"><\/div>\n\n\n\n<p class=\"has-text-align-center has-neve-text-color-color has-text-color\" style=\"font-size:18px;text-decoration:underline\"><mark style=\"background-color:rgba(0, 0, 0, 0)\" class=\"has-inline-color has-nv-text-dark-bg-color\">contact@beeandbee-asso.org<\/mark><\/p>\n\n\n\n<div style=\"height:7px\" aria-hidden=\"true\" class=\"wp-block-spacer\"><\/div>\n\n\n\n<p class=\"has-text-align-center has-neve-text-color-color has-text-color\" style=\"font-size:18px\"><mark style=\"background-color:rgba(0, 0, 0, 0)\" class=\"has-inline-color has-nv-text-dark-bg-color\">05 45 78 90 12<\/mark><\/p>\n<\/div>\n\n\n\n<div class=\"wp-block-column is-layout-flow\">\n<p class=\"has-text-align-center has-neve-text-color-color has-text-color\" style=\"font-size:22px\">Pages<\/p>\n\n\n<nav style=\"font-size:18px;\" class=\"has-text-color has-neve-text-color-color items-justified-center is-vertical no-wrap wp-block-navigation is-content-justification-center is-nowrap is-layout-flex wp-container-22\" aria-label=\"primary\"><ul class=\"wp-block-navigation__container\"><li style=\"font-size: 18px;\" class=\" wp-block-navigation-item wp-block-navigation-link\"><a class=\"wp-block-navigation-item__content\"  href=\"https:\/\/bee-bee.alwaysdata.net\/bee&#038;bee\/\"><span class=\"wp-block-navigation-item__label\">Adopte une abeille<\/span><\/a><\/li><li style=\"font-size: 18px;\" class=\" wp-block-navigation-item wp-block-navigation-link\"><a class=\"wp-block-navigation-item__content\"  href=\"https:\/\/bee-bee.alwaysdata.net\/bee&#038;bee\/?page_id=66\"><span class=\"wp-block-navigation-item__label\">L&rsquo;\u00e9v\u00e8nement<\/span><\/a><\/li><li style=\"font-size: 18px;\" class=\" wp-block-navigation-item wp-block-navigation-link\"><a class=\"wp-block-navigation-item__content\"  href=\"https:\/\/bee-bee.alwaysdata.net\/bee&#038;bee\/?page_id=69\"><span class=\"wp-block-navigation-item__label\">comment participez ?<\/span><\/a><\/li><li style=\"font-size: 18px;\" class=\" wp-block-navigation-item wp-block-navigation-link\"><a class=\"wp-block-navigation-item__content\"  href=\"https:\/\/bee-bee.alwaysdata.net\/bee&#038;bee\/?page_id=86\"><span class=\"wp-block-navigation-item__label\">actualit\u00e9s<\/span><\/a><\/li><\/ul><\/nav>\n\n\n<div style=\"height:24px\" aria-hidden=\"true\" class=\"wp-block-spacer\"><\/div>\n<\/div>\n\n\n\n<div class=\"wp-block-column is-layout-flow\">\n<p class=\"has-text-align-center has-neve-text-color-color has-text-color\" style=\"font-size:22px\">Suivez-nous<\/p>\n\n\n\n<div class=\"wp-block-group has-neve-text-color-color has-text-color is-vertical is-content-justification-center is-layout-flex wp-container-24\">\n<p class=\"has-nv-text-dark-bg-color has-text-color\" style=\"font-size:18px;text-decoration:underline\">Facebook<\/p>\n\n\n\n<p class=\"has-neve-text-color-color has-text-color\" style=\"font-size:18px;text-decoration:underline\">Instagram<\/p>\n\n\n\n<p class=\"has-neve-text-color-color has-text-color\" style=\"font-size:18px;text-decoration:underline\">Twitter<\/p>\n<\/div>\n\n\n\n<div style=\"height:24px\" aria-hidden=\"true\" class=\"wp-block-spacer\"><\/div>\n<\/div>\n<\/div>\n<\/div>\n","protected":false},"excerpt":{"rendered":"<p>Comment participer ? Contact 22 Rue du Vignoble Champagny, 16420 Charente contact@beeandbee-asso.org 05 45 78 90 12 Pages Suivez-nous Facebook Instagram Twitter<\/p>\n","protected":false},"author":1,"featured_media":0,"parent":0,"menu_order":0,"comment_status":"closed","ping_status":"closed","template":"","meta":{"neve_meta_sidebar":"left","neve_meta_container":"full-width","neve_meta_enable_content_width":"on","neve_meta_content_width":100,"neve_meta_title_alignment":"left","neve_meta_author_avatar":"","neve_post_elements_order":"","neve_meta_disable_header":"","neve_meta_disable_footer":"","neve_meta_disable_title":"on"},"_links":{"self":[{"href":"https:\/\/bee-bee.alwaysdata.net\/bee&bee\/wp-json\/wp\/v2\/pages\/69"}],"collection":[{"href":"https:\/\/bee-bee.alwaysdata.net\/bee&bee\/wp-json\/wp\/v2\/pages"}],"about":[{"href":"https:\/\/bee-bee.alwaysdata.net\/bee&bee\/wp-json\/wp\/v2\/types\/page"}],"author":[{"embeddable":true,"href":"https:\/\/bee-bee.alwaysdata.net\/bee&bee\/wp-json\/wp\/v2\/users\/1"}],"replies":[{"embeddable":true,"href":"https:\/\/bee-bee.alwaysdata.net\/bee&bee\/wp-json\/wp\/v2\/comments?post=69"}],"version-history":[{"count":115,"href":"https:\/\/bee-bee.alwaysdata.net\/bee&bee\/wp-json\/wp\/v2\/pages\/69\/revisions"}],"predecessor-version":[{"id":1230,"href":"https:\/\/bee-bee.alwaysdata.net\/bee&bee\/wp-json\/wp\/v2\/pages\/69\/revisions\/1230"}],"wp:attachment":[{"href":"https:\/\/bee-bee.alwaysdata.net\/bee&bee\/wp-json\/wp\/v2\/media?parent=69"}],"curies":[{"name":"wp","href":"https:\/\/api.w.org\/{rel}","templated":true}]}}